{"id":2976,"date":"2026-03-27T09:29:50","date_gmt":"2026-03-27T09:29:50","guid":{"rendered":"https:\/\/abrazandolacrianza.com\/?page_id=2976"},"modified":"2026-04-08T18:59:40","modified_gmt":"2026-04-08T18:59:40","slug":"ebook","status":"publish","type":"page","link":"https:\/\/abrazandolacrianza.com\/cat\/ebook\/","title":{"rendered":"Ebook"},"content":{"rendered":"<div data-elementor-type=\"wp-page\" data-elementor-id=\"2976\" class=\"elementor elementor-2976\">\n\t\t\t\t<div class=\"elementor-element elementor-element-07b4da4 elementor-hidden-tablet elementor-hidden-mobile e-flex e-con-boxed wpr-particle-no wpr-jarallax-no wpr-parallax-no wpr-sticky-section-no e-con e-parent\" data-id=\"07b4da4\" data-element_type=\"container\" data-settings=\"{&quot;background_background&quot;:&quot;classic&quot;}\">\n\t\t\t\t\t<div class=\"e-con-inner\">\n\t\t<div class=\"elementor-element elementor-element-c6cccac e-con-full e-flex wpr-particle-no wpr-jarallax-no wpr-parallax-no wpr-sticky-section-no e-con e-child\" data-id=\"c6cccac\" data-element_type=\"container\">\n\t\t<div class=\"elementor-element elementor-element-d8fd2a7 e-con-full e-flex wpr-particle-no wpr-jarallax-no wpr-parallax-no wpr-sticky-section-no e-con e-child\" data-id=\"d8fd2a7\" data-element_type=\"container\">\n\t\t\t\t<\/div>\n\t\t\t\t<div class=\"elementor-element elementor-element-a008ae5 elementor-widget elementor-widget-spacer\" data-id=\"a008ae5\" data-element_type=\"widget\" data-widget_type=\"spacer.default\">\n\t\t\t\t<div class=\"elementor-widget-container\">\n\t\t\t\t\t<div class=\"elementor-spacer\">\n\t\t\t<div class=\"elementor-spacer-inner\"><\/div>\n\t\t<\/div>\n\t\t\t\t<\/div>\n\t\t\t\t<\/div>\n\t\t\t\t<div class=\"elementor-element elementor-element-78dab9f elementor-widget elementor-widget-heading\" data-id=\"78dab9f\" data-element_type=\"widget\" data-widget_type=\"heading.default\">\n\t\t\t\t<div class=\"elementor-widget-container\">\n\t\t\t<h2 class=\"elementor-heading-title elementor-size-default\">EBOOK<\/h2>\t\t<\/div>\n\t\t\t\t<\/div>\n\t\t\t\t<div class=\"elementor-element elementor-element-d64ccac elementor-widget elementor-widget-heading\" data-id=\"d64ccac\" data-element_type=\"widget\" data-widget_type=\"heading.default\">\n\t\t\t\t<div class=\"elementor-widget-container\">\n\t\t\t<h2 class=\"elementor-heading-title elementor-size-default\"><span class=\"a_GcMg font-feature-liga-off font-feature-clig-off font-feature-calt-off text-decoration-none text-strikethrough-none\" style=\"--Ys-XuQ: none\">La llegada de un hermano a casa<\/span><\/h2>\t\t<\/div>\n\t\t\t\t<\/div>\n\t\t\t\t<div class=\"elementor-element elementor-element-3929f4c elementor-widget elementor-widget-text-editor\" data-id=\"3929f4c\" data-element_type=\"widget\" data-widget_type=\"text-editor.default\">\n\t\t\t\t<div class=\"elementor-widget-container\">\n\t\t\t\t\t\t\t<p>Con la llegada de un beb\u00e9, no solo nace un hijo: nace una nueva familia y una transformaci\u00f3n emocional<\/p>\t\t\t\t\t\t<\/div>\n\t\t\t\t<\/div>\n\t\t\t\t<div class=\"elementor-element elementor-element-7cdab8f elementor-widget elementor-widget-spacer\" data-id=\"7cdab8f\" data-element_type=\"widget\" data-widget_type=\"spacer.default\">\n\t\t\t\t<div class=\"elementor-widget-container\">\n\t\t\t\t\t<div class=\"elementor-spacer\">\n\t\t\t<div class=\"elementor-spacer-inner\"><\/div>\n\t\t<\/div>\n\t\t\t\t<\/div>\n\t\t\t\t<\/div>\n\t\t\t\t<div class=\"elementor-element elementor-element-0204ebe elementor-widget elementor-widget-heading\" data-id=\"0204ebe\" data-element_type=\"widget\" data-widget_type=\"heading.default\">\n\t\t\t\t<div class=\"elementor-widget-container\">\n\t\t\t<h2 class=\"elementor-heading-title elementor-size-default\">25\u20ac<\/h2>\t\t<\/div>\n\t\t\t\t<\/div>\n\t\t\t\t<div class=\"elementor-element elementor-element-5be5023 elementor-align-center elementor-widget elementor-widget-button\" data-id=\"5be5023\" data-element_type=\"widget\" data-widget_type=\"button.default\">\n\t\t\t\t<div class=\"elementor-widget-container\">\n\t\t\t\t\t<div class=\"elementor-button-wrapper\">\n\t\t\t<a class=\"elementor-button elementor-button-link elementor-size-sm\" href=\"https:\/\/buy.stripe.com\/3cI00l1Mb4Lm5ML2heasg03\">\n\t\t\t\t\t\t<span class=\"elementor-button-content-wrapper\">\n\t\t\t\t\t\t\t\t\t<span class=\"elementor-button-text\">QUIERO ESTE EBOOK<\/span>\n\t\t\t\t\t<\/span>\n\t\t\t\t\t<\/a>\n\t\t<\/div>\n\t\t\t\t<\/div>\n\t\t\t\t<\/div>\n\t\t\t\t<div class=\"elementor-element elementor-element-f6f4a4b elementor-widget elementor-widget-spacer\" data-id=\"f6f4a4b\" data-element_type=\"widget\" data-widget_type=\"spacer.default\">\n\t\t\t\t<div class=\"elementor-widget-container\">\n\t\t\t\t\t<div class=\"elementor-spacer\">\n\t\t\t<div class=\"elementor-spacer-inner\"><\/div>\n\t\t<\/div>\n\t\t\t\t<\/div>\n\t\t\t\t<\/div>\n\t\t\t\t<\/div>\n\t\t\t\t\t<\/div>\n\t\t\t\t<\/div>\n\t\t<div class=\"elementor-element elementor-element-b1af297 elementor-hidden-desktop elementor-hidden-tablet e-flex e-con-boxed wpr-particle-no wpr-jarallax-no wpr-parallax-no wpr-sticky-section-no e-con e-parent\" data-id=\"b1af297\" data-element_type=\"container\" data-settings=\"{&quot;background_background&quot;:&quot;classic&quot;}\">\n\t\t\t\t\t<div class=\"e-con-inner\">\n\t\t\t\t<div class=\"elementor-element elementor-element-41ad9b9 elementor-widget elementor-widget-heading\" data-id=\"41ad9b9\" data-element_type=\"widget\" data-widget_type=\"heading.default\">\n\t\t\t\t<div class=\"elementor-widget-container\">\n\t\t\t<h2 class=\"elementor-heading-title elementor-size-default\">EBOOK<\/h2>\t\t<\/div>\n\t\t\t\t<\/div>\n\t\t\t\t<div class=\"elementor-element elementor-element-7bd7999 elementor-widget elementor-widget-heading\" data-id=\"7bd7999\" data-element_type=\"widget\" data-widget_type=\"heading.default\">\n\t\t\t\t<div class=\"elementor-widget-container\">\n\t\t\t<h2 class=\"elementor-heading-title elementor-size-default\">La llegada de un hermano a casa<\/h2>\t\t<\/div>\n\t\t\t\t<\/div>\n\t\t\t\t<div class=\"elementor-element elementor-element-3394c39 elementor-widget elementor-widget-text-editor\" data-id=\"3394c39\" data-element_type=\"widget\" data-widget_type=\"text-editor.default\">\n\t\t\t\t<div class=\"elementor-widget-container\">\n\t\t\t\t\t\t\t<p>Con la llegada de un beb\u00e9, no solo nace un hijo: nace una nueva familia y una transformaci\u00f3n emocional<\/p>\t\t\t\t\t\t<\/div>\n\t\t\t\t<\/div>\n\t\t\t\t<div class=\"elementor-element elementor-element-f904c28 elementor-widget elementor-widget-spacer\" data-id=\"f904c28\" data-element_type=\"widget\" data-widget_type=\"spacer.default\">\n\t\t\t\t<div class=\"elementor-widget-container\">\n\t\t\t\t\t<div class=\"elementor-spacer\">\n\t\t\t<div class=\"elementor-spacer-inner\"><\/div>\n\t\t<\/div>\n\t\t\t\t<\/div>\n\t\t\t\t<\/div>\n\t\t\t\t<div class=\"elementor-element elementor-element-94cb392 elementor-widget elementor-widget-heading\" data-id=\"94cb392\" data-element_type=\"widget\" data-widget_type=\"heading.default\">\n\t\t\t\t<div class=\"elementor-widget-container\">\n\t\t\t<h2 class=\"elementor-heading-title elementor-size-default\">25\u20ac<\/h2>\t\t<\/div>\n\t\t\t\t<\/div>\n\t\t\t\t<div class=\"elementor-element elementor-element-83b9e16 elementor-mobile-align-center elementor-widget elementor-widget-button\" data-id=\"83b9e16\" data-element_type=\"widget\" data-widget_type=\"button.default\">\n\t\t\t\t<div class=\"elementor-widget-container\">\n\t\t\t\t\t<div class=\"elementor-button-wrapper\">\n\t\t\t<a class=\"elementor-button elementor-button-link elementor-size-sm\" href=\"https:\/\/buy.stripe.com\/3cI00l1Mb4Lm5ML2heasg03\">\n\t\t\t\t\t\t<span class=\"elementor-button-content-wrapper\">\n\t\t\t\t\t\t\t\t\t<span class=\"elementor-button-text\">QUIERO ESTE EBOOK<\/span>\n\t\t\t\t\t<\/span>\n\t\t\t\t\t<\/a>\n\t\t<\/div>\n\t\t\t\t<\/div>\n\t\t\t\t<\/div>\n\t\t\t\t\t<\/div>\n\t\t\t\t<\/div>\n\t\t<div class=\"elementor-element elementor-element-0f96cda e-flex e-con-boxed wpr-particle-no wpr-jarallax-no wpr-parallax-no wpr-sticky-section-no e-con e-parent\" data-id=\"0f96cda\" data-element_type=\"container\">\n\t\t\t\t\t<div class=\"e-con-inner\">\n\t\t\t\t<div class=\"elementor-element elementor-element-4121e65 elementor-widget__width-inherit elementor-widget elementor-widget-text-editor\" data-id=\"4121e65\" data-element_type=\"widget\" data-widget_type=\"text-editor.default\">\n\t\t\t\t<div class=\"elementor-widget-container\">\n\t\t\t\t\t\t\t<p data-start=\"748\" data-end=\"1214\">La <strong>llegada de un hermano<\/strong> no es solo un <strong>cambio externo en la familia<\/strong>, sino un <strong>movimiento emocional profundo para todos sus miembros.<\/strong> Para el hijo mayor, puede sentirse como que <strong>su mundo conocido se transforma de repente.<\/strong> Cuando lo que se mueve en su interior es <strong>demasiado intenso<\/strong> y a\u00fan no tiene palabras para nombrarlo, <strong>lo expresa a trav\u00e9s de su cuerpo. El comportamiento se convierte entonces en el lenguaje con el que comunica aquello que est\u00e1 viviendo por dentro.<\/strong><\/p><p data-start=\"1216\" data-end=\"1460\">Al mismo tiempo, la <strong>llegada de un nuevo hijo<\/strong> tambi\u00e9n te invita a <strong>detenerte y a mirarte con honestidad. A darte un espacio para sentir lo que se despierta.<\/strong> Porque <strong>tu mundo emocional no queda al margen de la llegada de un hijo:<\/strong> tambi\u00e9n necesita ser <strong>visto, reconocido y sostenido.<\/strong><\/p>\t\t\t\t\t\t<\/div>\n\t\t\t\t<\/div>\n\t\t\t\t<div class=\"elementor-element elementor-element-b6df6e6 elementor-widget elementor-widget-heading\" data-id=\"b6df6e6\" data-element_type=\"widget\" data-widget_type=\"heading.default\">\n\t\t\t\t<div class=\"elementor-widget-container\">\n\t\t\t<h2 class=\"elementor-heading-title elementor-size-default\">Este ebook te ayudar\u00e1 a comprender lo que est\u00e1 ocurriendo m\u00e1s all\u00e1 de lo visible, ofreci\u00e9ndote una mirada consciente para acompa\u00f1ar a tu hijo mayor y atender tambi\u00e9n a lo que se despierta en tu propio mundo emocional con la llegada del nuevo beb\u00e9.<\/h2>\t\t<\/div>\n\t\t\t\t<\/div>\n\t\t\t\t\t<\/div>\n\t\t\t\t<\/div>\n\t\t<div class=\"elementor-element elementor-element-afff67a e-flex e-con-boxed wpr-particle-no wpr-jarallax-no wpr-parallax-no wpr-sticky-section-no e-con e-parent\" data-id=\"afff67a\" data-element_type=\"container\" data-settings=\"{&quot;background_background&quot;:&quot;classic&quot;,&quot;shape_divider_top&quot;:&quot;waves&quot;,&quot;shape_divider_top_negative&quot;:&quot;yes&quot;}\">\n\t\t\t\t\t<div class=\"e-con-inner\">\n\t\t\t\t<div class=\"elementor-shape elementor-shape-top\" data-negative=\"true\">\n\t\t\t<svg xmlns=\"http:\/\/www.w3.org\/2000\/svg\" viewbox=\"0 0 1000 100\" preserveaspectratio=\"none\">\n\t<path class=\"elementor-shape-fill\" d=\"M790.5,93.1c-59.3-5.3-116.8-18-192.6-50c-29.6-12.7-76.9-31-100.5-35.9c-23.6-4.9-52.6-7.8-75.5-5.3\tc-10.2,1.1-22.6,1.4-50.1,7.4c-27.2,6.3-58.2,16.6-79.4,24.7c-41.3,15.9-94.9,21.9-134,22.6C72,58.2,0,25.8,0,25.8V100h1000V65.3\tc0,0-51.5,19.4-106.2,25.7C839.5,97,814.1,95.2,790.5,93.1z\"\/>\n<\/svg>\t\t<\/div>\n\t\t<div class=\"elementor-element elementor-element-9cb1899 e-con-full elementor-hidden-mobile e-flex wpr-particle-no wpr-jarallax-no wpr-parallax-no wpr-sticky-section-no e-con e-child\" data-id=\"9cb1899\" data-element_type=\"container\">\n\t\t\t\t<div class=\"elementor-element elementor-element-fed933a elementor-widget elementor-widget-heading\" data-id=\"fed933a\" data-element_type=\"widget\" data-widget_type=\"heading.default\">\n\t\t\t\t<div class=\"elementor-widget-container\">\n\t\t\t<h2 class=\"elementor-heading-title elementor-size-default\">Esto es para ti si\u2026<\/h2>\t\t<\/div>\n\t\t\t\t<\/div>\n\t\t\t\t<div class=\"elementor-element elementor-element-e653629 elementor-widget elementor-widget-heading\" data-id=\"e653629\" data-element_type=\"widget\" data-widget_type=\"heading.default\">\n\t\t\t\t<div class=\"elementor-widget-container\">\n\t\t\t<h2 class=\"elementor-heading-title elementor-size-default\">25\u20ac<\/h2>\t\t<\/div>\n\t\t\t\t<\/div>\n\t\t\t\t<div class=\"elementor-element elementor-element-4d5843c elementor-align-center elementor-widget elementor-widget-button\" data-id=\"4d5843c\" data-element_type=\"widget\" data-widget_type=\"button.default\">\n\t\t\t\t<div class=\"elementor-widget-container\">\n\t\t\t\t\t<div class=\"elementor-button-wrapper\">\n\t\t\t<a class=\"elementor-button elementor-button-link elementor-size-sm\" href=\"https:\/\/buy.stripe.com\/3cI00l1Mb4Lm5ML2heasg03\">\n\t\t\t\t\t\t<span class=\"elementor-button-content-wrapper\">\n\t\t\t\t\t\t\t\t\t<span class=\"elementor-button-text\">COMPRAR AHORA<\/span>\n\t\t\t\t\t<\/span>\n\t\t\t\t\t<\/a>\n\t\t<\/div>\n\t\t\t\t<\/div>\n\t\t\t\t<\/div>\n\t\t\t\t<\/div>\n\t\t<div class=\"elementor-element elementor-element-13fe47b e-con-full e-flex wpr-particle-no wpr-jarallax-no wpr-parallax-no wpr-sticky-section-no e-con e-child\" data-id=\"13fe47b\" data-element_type=\"container\">\n\t\t\t\t<div class=\"elementor-element elementor-element-0bd902c elementor-hidden-desktop elementor-hidden-tablet elementor-widget elementor-widget-heading\" data-id=\"0bd902c\" data-element_type=\"widget\" data-widget_type=\"heading.default\">\n\t\t\t\t<div class=\"elementor-widget-container\">\n\t\t\t<h2 class=\"elementor-heading-title elementor-size-default\">Esto es para ti si\u2026<\/h2>\t\t<\/div>\n\t\t\t\t<\/div>\n\t\t\t\t<div class=\"elementor-element elementor-element-ec87658 elementor-widget elementor-widget-text-editor\" data-id=\"ec87658\" data-element_type=\"widget\" data-widget_type=\"text-editor.default\">\n\t\t\t\t<div class=\"elementor-widget-container\">\n\t\t\t\t\t\t\t<ul><li class=\"li1\">Est\u00e1s embarazada y esperando tu segundo o tercer hijo.<\/li><li>Quieres acompa\u00f1ar emocionalmente a tu hijo mayor en esta transici\u00f3n.<\/li><li class=\"li1\">Sabes que la llegada de un hermano puede despertar nuevos comportamientos \u2014celos, regresiones o incluso agresiones\u2014 y quieres comprender qu\u00e9 hay detr\u00e1s de estas conductas para poder responder a sus necesidades<\/li><li class=\"li1\">Si quieres comprender qu\u00e9 se despierta en tu interior como mam\u00e1<\/li><\/ul>\t\t\t\t\t\t<\/div>\n\t\t\t\t<\/div>\n\t\t\t\t<div class=\"elementor-element elementor-element-5382dc2 elementor-hidden-desktop elementor-hidden-tablet elementor-widget elementor-widget-heading\" data-id=\"5382dc2\" data-element_type=\"widget\" data-widget_type=\"heading.default\">\n\t\t\t\t<div class=\"elementor-widget-container\">\n\t\t\t<h2 class=\"elementor-heading-title elementor-size-default\">25\u20ac<\/h2>\t\t<\/div>\n\t\t\t\t<\/div>\n\t\t\t\t<div class=\"elementor-element elementor-element-b4370fd elementor-mobile-align-center elementor-hidden-desktop elementor-hidden-tablet elementor-widget elementor-widget-button\" data-id=\"b4370fd\" data-element_type=\"widget\" data-widget_type=\"button.default\">\n\t\t\t\t<div class=\"elementor-widget-container\">\n\t\t\t\t\t<div class=\"elementor-button-wrapper\">\n\t\t\t<a class=\"elementor-button elementor-button-link elementor-size-sm\" href=\"https:\/\/buy.stripe.com\/3cI00l1Mb4Lm5ML2heasg03\">\n\t\t\t\t\t\t<span class=\"elementor-button-content-wrapper\">\n\t\t\t\t\t\t\t\t\t<span class=\"elementor-button-text\">COMPRAR AHORA<\/span>\n\t\t\t\t\t<\/span>\n\t\t\t\t\t<\/a>\n\t\t<\/div>\n\t\t\t\t<\/div>\n\t\t\t\t<\/div>\n\t\t\t\t<\/div>\n\t\t\t\t\t<\/div>\n\t\t\t\t<\/div>\n\t\t<div class=\"elementor-element elementor-element-81f5a69 e-flex e-con-boxed wpr-particle-no wpr-jarallax-no wpr-parallax-no wpr-sticky-section-no e-con e-parent\" data-id=\"81f5a69\" data-element_type=\"container\">\n\t\t\t\t\t<div class=\"e-con-inner\">\n\t\t\t\t<div class=\"elementor-element elementor-element-10d293a elementor-widget elementor-widget-heading\" data-id=\"10d293a\" data-element_type=\"widget\" data-widget_type=\"heading.default\">\n\t\t\t\t<div class=\"elementor-widget-container\">\n\t\t\t<h2 class=\"elementor-heading-title elementor-size-default\">\u00bfQu\u00e9 encontrar\u00e1s?<\/h2>\t\t<\/div>\n\t\t\t\t<\/div>\n\t\t\t\t<div class=\"elementor-element elementor-element-c1b870c elementor-widget elementor-widget-text-editor\" data-id=\"c1b870c\" data-element_type=\"widget\" data-widget_type=\"text-editor.default\">\n\t\t\t\t<div class=\"elementor-widget-container\">\n\t\t\t\t\t\t\t<p><span class=\"s1\">\u2714 <\/span>Un espacio para entender lo que se despierta en ti durante el posparto<\/p><p data-start=\"113\" data-end=\"190\"><span class=\"s1\">\u2714 <\/span>Una mirada sobre c\u00f3mo organizaros, comunicaros y crear acuerdos en pareja<\/p><p class=\"p1\"><span class=\"s1\">\u2714<\/span> C\u00f3mo acompa\u00f1ar a tu hijo mayor antes de que llegue el beb\u00e9<\/p><p class=\"p1\"><span class=\"s1\">\u2714 Sostener la vivencia de tu <\/span>hijo mayor el d\u00eda que va a conocer el beb\u00e9<\/p><p class=\"p1\"><span class=\"s1\">\u2714 Comprender y acompa\u00f1ar<\/span>\u00a0a tu hijo mayor despu\u00e9s de la llegada del beb\u00e9<\/p><p class=\"p1\"><span class=\"s1\">\u2714 Entender qu\u00e9 hay detr\u00e1s de los celos, las regresiones y las conductas agresivas, y c\u00f3mo acompa\u00f1arlas<\/span><\/p><p class=\"p1\"><span class=\"s1\">\u2714 Libros y cuentos para acompa\u00f1ar este proceso con mayor conciencia<\/span><\/p>\t\t\t\t\t\t<\/div>\n\t\t\t\t<\/div>\n\t\t\t\t\t<\/div>\n\t\t\t\t<\/div>\n\t\t<div class=\"elementor-element elementor-element-98fa600 e-flex e-con-boxed wpr-particle-no wpr-jarallax-no wpr-parallax-no wpr-sticky-section-no e-con e-parent\" data-id=\"98fa600\" data-element_type=\"container\" data-settings=\"{&quot;background_background&quot;:&quot;classic&quot;}\">\n\t\t\t\t\t<div class=\"e-con-inner\">\n\t\t\t\t<div class=\"elementor-element elementor-element-fde912f elementor-widget elementor-widget-heading\" data-id=\"fde912f\" data-element_type=\"widget\" data-widget_type=\"heading.default\">\n\t\t\t\t<div class=\"elementor-widget-container\">\n\t\t\t<h2 class=\"elementor-heading-title elementor-size-default\">No es una gu\u00eda de qu\u00e9 hacer. Es una invitaci\u00f3n a mirar y sentir lo que sucede dentro de ti y de tu hijo.\n\nPorque no se trata de corregir conductas. Se trata de comprender qu\u00e9 hay detr\u00e1s de ellas.<\/h2>\t\t<\/div>\n\t\t\t\t<\/div>\n\t\t\t\t\t<\/div>\n\t\t\t\t<\/div>\n\t\t\t\t<\/div>","protected":false},"excerpt":{"rendered":"<p>EBOOK La llegada de un hermano a casa Con la llegada de un beb\u00e9, no solo nace un hijo: nace una nueva familia y una transformaci\u00f3n emocional 25\u20ac QUIERO ESTE EBOOK EBOOK La llegada de un hermano a casa Con la llegada de un beb\u00e9, no solo nace un hijo: nace una nueva familia y una transformaci\u00f3n emocional 25\u20ac QUIERO ESTE EBOOK La llegada de un hermano no es solo un cambio externo en la familia, sino un movimiento emocional profundo para todos sus miembros. Para el hijo mayor, puede sentirse como que su mundo conocido se transforma de repente. Cuando lo que se mueve en su interior es demasiado intenso y a\u00fan no tiene palabras para nombrarlo, lo expresa a trav\u00e9s de su cuerpo. El comportamiento se convierte entonces en el lenguaje con el que comunica aquello que est\u00e1 viviendo por dentro. Al mismo tiempo, la llegada de un nuevo hijo tambi\u00e9n te invita a detenerte y a mirarte con honestidad. A darte un espacio para sentir lo que se despierta. Porque tu mundo emocional no queda al margen de la llegada de un hijo: tambi\u00e9n necesita ser visto, reconocido y sostenido. Este ebook te ayudar\u00e1 a comprender lo que est\u00e1 ocurriendo m\u00e1s all\u00e1 de lo visible, ofreci\u00e9ndote una mirada consciente para acompa\u00f1ar a tu hijo mayor y atender tambi\u00e9n a lo que se despierta en tu propio mundo emocional con la llegada del nuevo beb\u00e9. Esto es para ti si\u2026 25\u20ac COMPRAR AHORA Esto es para ti si\u2026 Est\u00e1s embarazada y esperando tu segundo o tercer hijo. Quieres acompa\u00f1ar emocionalmente a tu hijo mayor en esta transici\u00f3n. Sabes que la llegada de un hermano puede despertar nuevos comportamientos \u2014celos, regresiones o incluso agresiones\u2014 y quieres comprender qu\u00e9 hay detr\u00e1s de estas conductas para poder responder a sus necesidades Si quieres comprender qu\u00e9 se despierta en tu interior como mam\u00e1 25\u20ac COMPRAR AHORA \u00bfQu\u00e9 encontrar\u00e1s? \u2714 Un espacio para entender lo que se despierta en ti durante el posparto \u2714 Una mirada sobre c\u00f3mo organizaros, comunicaros y crear acuerdos en pareja \u2714 C\u00f3mo acompa\u00f1ar a tu hijo mayor antes de que llegue el beb\u00e9 \u2714 Sostener la vivencia de tu hijo mayor el d\u00eda que va a conocer el beb\u00e9 \u2714 Comprender y acompa\u00f1ar\u00a0a tu hijo mayor despu\u00e9s de la llegada del beb\u00e9 \u2714 Entender qu\u00e9 hay detr\u00e1s de los celos, las regresiones y las conductas agresivas, y c\u00f3mo acompa\u00f1arlas \u2714 Libros y cuentos para acompa\u00f1ar este proceso con mayor conciencia No es una gu\u00eda de qu\u00e9 hacer. Es una invitaci\u00f3n a mirar y sentir lo que sucede dentro de ti y de tu hijo. Porque no se trata de corregir conductas. Se trata de comprender qu\u00e9 hay detr\u00e1s de ellas.<\/p>","protected":false},"author":1,"featured_media":0,"parent":0,"menu_order":0,"comment_status":"closed","ping_status":"closed","template":"","meta":{"_monsterinsights_skip_tracking":false,"_monsterinsights_sitenote_active":false,"_monsterinsights_sitenote_note":"","_monsterinsights_sitenote_category":0,"site-sidebar-layout":"default","site-content-layout":"","ast-site-content-layout":"default","site-content-style":"default","site-sidebar-style":"default","ast-global-header-display":"","ast-banner-title-visibility":"","ast-main-header-display":"","ast-hfb-above-header-display":"","ast-hfb-below-header-display":"","ast-hfb-mobile-header-display":"","site-post-title":"disabled","ast-breadcrumbs-content":"","ast-featured-img":"","footer-sml-layout":"","theme-transparent-header-meta":"","adv-header-id-meta":"","stick-header-meta":"","header-above-stick-meta":"","header-main-stick-meta":"","header-below-stick-meta":"","astra-migrate-meta-layouts":"set","ast-page-background-enabled":"default","ast-page-background-meta":{"desktop":{"background-color":"","background-image":"","background-repeat":"repeat","background-position":"center center","background-size":"auto","background-attachment":"scroll","background-type":"","background-media":"","overlay-type":"","overlay-color":"","overlay-opacity":"","overlay-gradient":""},"tablet":{"background-color":"","background-image":"","background-repeat":"repeat","background-position":"center center","background-size":"auto","background-attachment":"scroll","background-type":"","background-media":"","overlay-type":"","overlay-color":"","overlay-opacity":"","overlay-gradient":""},"mobile":{"background-color":"","background-image":"","background-repeat":"repeat","background-position":"center center","background-size":"auto","background-attachment":"scroll","background-type":"","background-media":"","overlay-type":"","overlay-color":"","overlay-opacity":"","overlay-gradient":""}},"ast-content-background-meta":{"desktop":{"background-color":"var(--ast-global-color-5)","background-image":"","background-repeat":"repeat","background-position":"center center","background-size":"auto","background-attachment":"scroll","background-type":"","background-media":"","overlay-type":"","overlay-color":"","overlay-opacity":"","overlay-gradient":""},"tablet":{"background-color":"var(--ast-global-color-5)","background-image":"","background-repeat":"repeat","background-position":"center center","background-size":"auto","background-attachment":"scroll","background-type":"","background-media":"","overlay-type":"","overlay-color":"","overlay-opacity":"","overlay-gradient":""},"mobile":{"background-color":"var(--ast-global-color-5)","background-image":"","background-repeat":"repeat","background-position":"center center","background-size":"auto","background-attachment":"scroll","background-type":"","background-media":"","overlay-type":"","overlay-color":"","overlay-opacity":"","overlay-gradient":""}},"footnotes":""},"aioseo_notices":[],"_links":{"self":[{"href":"https:\/\/abrazandolacrianza.com\/cat\/wp-json\/wp\/v2\/pages\/2976"}],"collection":[{"href":"https:\/\/abrazandolacrianza.com\/cat\/wp-json\/wp\/v2\/pages"}],"about":[{"href":"https:\/\/abrazandolacrianza.com\/cat\/wp-json\/wp\/v2\/types\/page"}],"author":[{"embeddable":true,"href":"https:\/\/abrazandolacrianza.com\/cat\/wp-json\/wp\/v2\/users\/1"}],"replies":[{"embeddable":true,"href":"https:\/\/abrazandolacrianza.com\/cat\/wp-json\/wp\/v2\/comments?post=2976"}],"version-history":[{"count":142,"href":"https:\/\/abrazandolacrianza.com\/cat\/wp-json\/wp\/v2\/pages\/2976\/revisions"}],"predecessor-version":[{"id":3192,"href":"https:\/\/abrazandolacrianza.com\/cat\/wp-json\/wp\/v2\/pages\/2976\/revisions\/3192"}],"wp:attachment":[{"href":"https:\/\/abrazandolacrianza.com\/cat\/wp-json\/wp\/v2\/media?parent=2976"}],"curies":[{"name":"wp","href":"https:\/\/api.w.org\/{rel}","templated":true}]}}